{"id":94,"date":"2021-11-17T13:49:32","date_gmt":"2021-11-17T13:49:32","guid":{"rendered":"https:\/\/www.gaststaette-wauligmann.de\/?page_id=94"},"modified":"2022-10-10T14:21:08","modified_gmt":"2022-10-10T12:21:08","slug":"impressum","status":"publish","type":"page","link":"https:\/\/www.gaststaette-wauligmann.de\/?page_id=94","title":{"rendered":"Impressum"},"content":{"rendered":"\n<p><strong><small>Impressum:<\/small><\/strong> Verantwortlich f\u00fcr diese Internetseite im Sinne des Telemediengesetzes ist:<br><strong>Inh. Christoph Wauligmann<\/strong><br><a rel=\"noreferrer noopener\" href=\"https:\/\/maps.google.de\/maps?hl=de&amp;gl=de&amp;um=1&amp;ie=UTF-8&amp;q=gastst%C3%A4tte+wauligmann&amp;fb=1&amp;gl=de&amp;hq=gastst%C3%A4tte+wauligmann&amp;hnear=Herne&amp;cid=0,0,210691130380683690&amp;ei=cbEPTcO4NseV8QPjg4CEBw&amp;sa=X&amp;oi=local_result&amp;ct=image&amp;resnum=2&amp;ved=0CCUQnwIwAQ\" target=\"_blank\"><strong>Schifffahrter Damm 22<\/strong><br><strong>D-48268 Greven<\/strong><br><\/a><br><a rel=\"noreferrer noopener\" href=\"tel:+4925712388\" target=\"_blank\">Tel.: +49 (0)2571 2388<br><\/a> Fax.: +49 (0)2571 4500<br>www.gaststaette-wauligmann.de<br><a href=\"https:\/\/www.gaststaette-wauligmann.de\/?page_id=102\" data-type=\"URL\" data-id=\"https:\/\/www.gaststaette-wauligmann.de\/?page_id=102\">Klicken Sie hier f\u00fcr eine E-Mail an Gastst\u00e4tte Wauligmann<\/a><br><br><strong>Montags und dienstags geschlossen<\/strong><br><br>Ust-IdNr.: DE315204969<br>Steuer-Nr.: 327 \/ 5231 \/ 4509<\/p>\n\n\n\n<p><small>Diese Website wurde mit gr\u00fcndlicher Sorgfalt zusammengestellt. Alle Inhalte dieser Website unterliegen dem Urheberrecht und d\u00fcrfen nicht kopiert, ge\u00e4ndert oder sonst wie verwendet werden. Es wird keine Gew\u00e4hr f\u00fcr die Fehlerfreiheit der enthaltenen Informationen dieser Website \u00fcbernommen. Jegliche Haftung f\u00fcr Sch\u00e4den, die direkt oder indirekt durch die Benutzung dieser Website entstehen, wird ausgeschlossen, sofern diese Sch\u00e4den nicht auf Vorsatz oder grober Fahrl\u00e4ssigkeit bestehen. Sofern auf dieser Website auf von Dritten betriebene Internetseiten verwiesen wird oder Links zu solchen Seiten geschaltet werden, \u00fcbernehmen wir keine Verantwortung f\u00fcr deren Inhalte.<\/small><\/p>\n","protected":false},"excerpt":{"rendered":"<p>Impressum: Verantwortlich f\u00fcr diese Internetseite im Sinne des Telemediengesetzes ist:Inh. Christoph WauligmannSchifffahrter Damm 22D-48268 GrevenTel.: +49 (0)2571 2388 Fax.: +49 (0)2571 4500www.gaststaette-wauligmann.deKlicken Sie hier f\u00fcr eine E-Mail an Gastst\u00e4tte Wauligmann Montags und dienstags geschlossen Ust-IdNr.: DE315204969Steuer-Nr.: 327 \/ 5231 \/ 4509 Diese Website wurde mit gr\u00fcndlicher Sorgfalt zusammengestellt. Alle Inhalte dieser Website unterliegen dem Urheberrecht [&hellip;]<\/p>\n","protected":false},"author":1,"featured_media":0,"parent":0,"menu_order":0,"comment_status":"closed","ping_status":"closed","template":"","meta":{"_et_pb_use_builder":"off","_et_pb_old_content":"","_et_gb_content_width":"1080","footnotes":""},"class_list":["post-94","page","type-page","status-publish","hentry"],"_links":{"self":[{"href":"https:\/\/www.gaststaette-wauligmann.de\/index.php?rest_route=\/wp\/v2\/pages\/94","targetHints":{"allow":["GET"]}}],"collection":[{"href":"https:\/\/www.gaststaette-wauligmann.de\/index.php?rest_route=\/wp\/v2\/pages"}],"about":[{"href":"https:\/\/www.gaststaette-wauligmann.de\/index.php?rest_route=\/wp\/v2\/types\/page"}],"author":[{"embeddable":true,"href":"https:\/\/www.gaststaette-wauligmann.de\/index.php?rest_route=\/wp\/v2\/users\/1"}],"replies":[{"embeddable":true,"href":"https:\/\/www.gaststaette-wauligmann.de\/index.php?rest_route=%2Fwp%2Fv2%2Fcomments&post=94"}],"version-history":[{"count":5,"href":"https:\/\/www.gaststaette-wauligmann.de\/index.php?rest_route=\/wp\/v2\/pages\/94\/revisions"}],"predecessor-version":[{"id":237,"href":"https:\/\/www.gaststaette-wauligmann.de\/index.php?rest_route=\/wp\/v2\/pages\/94\/revisions\/237"}],"wp:attachment":[{"href":"https:\/\/www.gaststaette-wauligmann.de\/index.php?rest_route=%2Fwp%2Fv2%2Fmedia&parent=94"}],"curies":[{"name":"wp","href":"https:\/\/api.w.org\/{rel}","templated":true}]}}